{"id":644,"date":"2021-02-02T20:46:01","date_gmt":"2021-02-03T02:46:01","guid":{"rendered":"http:\/\/gothicmx.com\/?post_type=product&#038;p=644"},"modified":"2025-09-01T10:07:20","modified_gmt":"2025-09-01T16:07:20","slug":"escena-oscura-mexicana-compilado-vol-1","status":"publish","type":"product","link":"https:\/\/gothicmx.com\/index.php\/producto\/escena-oscura-mexicana-compilado-vol-1\/","title":{"rendered":"Escena Oscura Mexicana\/Compilado Vol 1"},"content":{"rendered":"<p class=\"yiv0542125566MsoNormal\">Primera compilaci\u00f3n de la p\u00e1gina Escena Oscura Mexicana de bandas nacionales.<\/p>\n<p class=\"yiv0542125566MsoNormal\">El \u00e1lbum tiene la finalidad de llegar a los m\u00e1s oscuro rinc\u00f3n del planeta para dar a conocer el talento con que cuenta nuestro pa\u00eds.<\/p>\n<p class=\"yiv0542125566MsoNormal\">Puedes contacta a la p\u00e1gina oficial que es Escena Oscura Mexicana.<\/p>\n<p class=\"yiv0542125566MsoNormal\"><a class=\"yiv0542125566\" href=\"http:\/\/www.facebook.com\/escenaoscuramexicana\/\" target=\"_blank\" rel=\"nofollow noopener noreferrer\">www.facebook.com\/escenaoscuramexicana\/<\/a><\/p>\n","protected":false},"excerpt":{"rendered":"<div class=\"yiv0542125566cxmmr5t8 yiv0542125566oygrvhab yiv0542125566ii04i59q yiv0542125566o9v6fnle yiv0542125566c1et5uql yiv0542125566hcukyx3x\">\n<div class=\"yiv0542125566\">\n<p>1.-<\/p>\n<div class=\"yiv0542125566nc684nl6\">Stranger and lovers<\/div>\n<p>&#8211; Death Song<\/p>\n<\/div>\n<div class=\"yiv0542125566\">\n<p>2.-<\/p>\n<div class=\"yiv0542125566nc684nl6\">Huecodark<\/div>\n<p>&#8211; El rumor<\/p>\n<\/div>\n<div class=\"yiv0542125566\">\n<p>3.-<\/p>\n<div class=\"yiv0542125566nc684nl6\">The Darkstar Calling<\/div>\n<p>&#8211; All Is Lost Finished and FORGOTTEN<\/p>\n<\/div>\n<div class=\"yiv0542125566\">4.- Dead Stop &#8211; Sometimes<\/div>\n<div class=\"yiv0542125566\">\n<p>5.-<\/p>\n<div class=\"yiv0542125566nc684nl6\">El Martillo de las Brujas<\/div>\n<p>&#8211; Wicca<\/p>\n<\/div>\n<div class=\"yiv0542125566\">6.- Titania &#8211; Gabriel<\/div>\n<div class=\"yiv0542125566\">\n<p>7.-<\/p>\n<div class=\"yiv0542125566nc684nl6\">Ionisio<\/div>\n<p>&#8211; Sal en la Piel<\/p>\n<\/div>\n<div class=\"yiv0542125566\">\n<p>8.-<\/p>\n<div class=\"yiv0542125566nc684nl6\">Threnodia<\/div>\n<p>&#8211; Im Mond Am Fluss<\/p>\n<\/div>\n<div class=\"yiv0542125566\">9.- La posada &#8211; La Muerte de un Coraz\u00f3n<\/div>\n<div class=\"yiv0542125566\">10.- Between Minds &#8211; Oficial &#8211; Abscond<\/div>\n<div class=\"yiv0542125566\">11.- Halo negro &#8211; Suicide Computer<\/div>\n<div class=\"yiv0542125566\">\n<p>12.-<\/p>\n<div class=\"yiv0542125566nc684nl6\">Inovercy<\/div>\n<p>&#8211; Lunas<\/p>\n<\/div>\n<div class=\"yiv0542125566\">13.- Un-Muerto &#8211; Buscando Esperas<\/div>\n<div class=\"yiv0542125566\">\n<p>14.- Emilio Rev\u00f3lver<\/p>\n<div class=\"yiv0542125566nc684nl6\">Revolver. Culto al Rock<\/div>\n<p>&#8211; Invitaci\u00f3n a las Armas<\/p>\n<\/div>\n<div class=\"yiv0542125566\">\n<p>15.-<\/p>\n<div class=\"yiv0542125566nc684nl6\">Genocidio 1968<\/div>\n<p>&#8211; Hipocres\u00eda<\/p>\n<\/div>\n<div class=\"yiv0542125566\">\n<p>16.-<\/p>\n<div class=\"yiv0542125566nc684nl6\">DESCARNADOS<\/div>\n<p>&#8211; El Drama Humano<\/p>\n<\/div>\n<div class=\"yiv0542125566\">\n<p><span class=\"yiv0542125566\">17.- <\/span><\/p>\n<div class=\"yiv0542125566nc684nl6\">Logan Ryuk<\/div>\n<p><span class=\"yiv0542125566\"> &#8211; Deine Blut<\/span><\/p>\n<\/div>\n<div class=\"yiv0542125566\">\n<p><span class=\"yiv0542125566\">18.- <\/span><\/p>\n<div class=\"yiv0542125566nc684nl6\">[Fabrikmutter]<\/div>\n<p><span class=\"yiv0542125566\"> &#8211; No Devotion<\/span><\/p>\n<\/div>\n<div class=\"yiv0542125566\"><span class=\"yiv0542125566\">19.- Polivius &#8211; Ella se enciende como cerillo<\/span><\/div>\n<\/div>\n<div class=\"yiv0542125566cxmmr5t8 yiv0542125566oygrvhab yiv0542125566ii04i59q yiv0542125566o9v6fnle yiv0542125566c1et5uql yiv0542125566hcukyx3x\">\n<div class=\"yiv0542125566\">\n<p>20.-<\/p>\n<div class=\"yiv0542125566nc684nl6\">Dios Bestial<\/div>\n<p>&#8211; Tetsuo<\/p>\n<\/div>\n<div class=\"yiv0542125566\">\n<p>21.-<\/p>\n<div class=\"yiv0542125566nc684nl6\">Ant people<\/div>\n<p>&#8211; Run away<\/p>\n<\/div>\n<div class=\"yiv0542125566\">22.- G\u00e9minis 2 &#8211; Evan<\/div>\n<div class=\"yiv0542125566\">\n<p>23.-<\/p>\n<div class=\"yiv0542125566nc684nl6\">EESCA<\/div>\n<p>&#8211; FALSO<\/p>\n<\/div>\n<div class=\"yiv0542125566\">\n<p>24.-<\/p>\n<div class=\"yiv0542125566nc684nl6\">OSCURA DAEMONIA<\/div>\n<p>&#8211; Domination<\/p>\n<\/div>\n<div class=\"yiv0542125566\">25.- Fogatos &#8211; Estaci\u00f3n<\/div>\n<div class=\"yiv0542125566\">\n<p>26.-<\/p>\n<div class=\"yiv0542125566nc684nl6\">Funeralz<\/div>\n<p>&#8211; L\u00e1pidas de Sal<\/p>\n<\/div>\n<div class=\"yiv0542125566\">\n<p>27.-<\/p>\n<div class=\"yiv0542125566nc684nl6\">LXEW<\/div>\n<p>&#8211; DOLOR<\/p>\n<\/div>\n<div class=\"yiv0542125566\">\n<p>28.-<\/p>\n<div class=\"yiv0542125566nc684nl6\">Lisis<\/div>\n<p>&#8211; No hay Futuro<\/p>\n<\/div>\n<div class=\"yiv0542125566\">29.- Baile de Crueldad &#8211; Baile de Crueldad<\/div>\n<div class=\"yiv0542125566\">30.- A-CTRL &#8211; Dualidad<\/div>\n<\/div>\n","protected":false},"featured_media":645,"comment_status":"open","ping_status":"closed","template":"","meta":{"_bbp_topic_count":0,"_bbp_reply_count":0,"_bbp_total_topic_count":0,"_bbp_total_reply_count":0,"_bbp_voice_count":0,"_bbp_anonymous_reply_count":0,"_bbp_topic_count_hidden":0,"_bbp_reply_count_hidden":0,"_bbp_forum_subforum_count":0,"_monsterinsights_skip_tracking":false,"_monsterinsights_sitenote_active":false,"_monsterinsights_sitenote_note":"","_monsterinsights_sitenote_category":0,"_joinchat":[]},"product_cat":[47,49,16,43,42,61],"product_tag":[],"aioseo_notices":[],"_links":{"self":[{"href":"https:\/\/gothicmx.com\/index.php\/wp-json\/wp\/v2\/product\/644"}],"collection":[{"href":"https:\/\/gothicmx.com\/index.php\/wp-json\/wp\/v2\/product"}],"about":[{"href":"https:\/\/gothicmx.com\/index.php\/wp-json\/wp\/v2\/types\/product"}],"replies":[{"embeddable":true,"href":"https:\/\/gothicmx.com\/index.php\/wp-json\/wp\/v2\/comments?post=644"}],"wp:featuredmedia":[{"embeddable":true,"href":"https:\/\/gothicmx.com\/index.php\/wp-json\/wp\/v2\/media\/645"}],"wp:attachment":[{"href":"https:\/\/gothicmx.com\/index.php\/wp-json\/wp\/v2\/media?parent=644"}],"wp:term":[{"taxonomy":"product_cat","embeddable":true,"href":"https:\/\/gothicmx.com\/index.php\/wp-json\/wp\/v2\/product_cat?post=644"},{"taxonomy":"product_tag","embeddable":true,"href":"https:\/\/gothicmx.com\/index.php\/wp-json\/wp\/v2\/product_tag?post=644"}],"curies":[{"name":"wp","href":"https:\/\/api.w.org\/{rel}","templated":true}]}}