{"id":655,"date":"2021-02-19T16:40:57","date_gmt":"2021-02-19T22:40:57","guid":{"rendered":"http:\/\/gothicmx.com\/?post_type=product&#038;p=655"},"modified":"2025-10-24T22:23:57","modified_gmt":"2025-10-25T04:23:57","slug":"stendal","status":"publish","type":"product","link":"https:\/\/gothicmx.com\/index.php\/producto\/stendal\/","title":{"rendered":".STENDAL"},"content":{"rendered":"<p><span class=\"yiv6196513823\">Es una banda que se formo en el 2011, como proyecto experimental, destacando sus fuertes influencias de Dark Wave y Synth<\/span><span class=\"yiv6196513823bcTruncateMore\">Pop .\u00a0<br class=\"yiv6196513823\" \/>El nombre proviene de un s\u00edndrome llamado &#8220;Stendhal&#8221; que causa una un elevado ritmo cardiaco, confusi\u00f3n ,v\u00e9rtigo y alucinaciones. Esto sucede cuando alguien esta expuesto a obras de arte demasiado complejas y en grandes cantidades acumuladas en un solo espacio.<\/span><\/p>\n<p><iframe loading=\"lazy\" title=\".Stendal - Sinestesia (Video Oficial)\" width=\"980\" height=\"551\" src=\"https:\/\/www.youtube.com\/embed\/omWDYcagTuY?feature=oembed\" frameborder=\"0\" allow=\"accelerometer; autoplay; clipboard-write; encrypted-media; gyroscope; picture-in-picture\" allowfullscreen><\/iframe><\/p>\n","protected":false},"excerpt":{"rendered":"<div>\n<p>CD Jewel case<\/p>\n<\/div>\n<p class=\"yiv6196513823info_link\"><span class=\"yiv6196513823\" style=\"color: #999999;\"><span class=\"yiv6196513823track-title\">1 Paramnesia Reduplicativa<br \/>\n2 Triphelido<br \/>\n3 Vitiligo<br \/>\n4 Belladona<br \/>\n5 Saudade<br \/>\n<\/span><\/span><span class=\"yiv6196513823\" style=\"color: #999999;\"><span class=\"yiv6196513823track-title\">6 Neurastenia<\/span><br \/>\n<\/span><span style=\"color: #999999;\">7 Sinestesia<br \/>\n<\/span><span style=\"color: #999999;\">8 Hematoma<br \/>\n<\/span><span style=\"color: #999999;\">9 Palinopsia<br \/>\n<\/span><span style=\"color: #999999;\">10 Somnolencia<\/span><\/p>\n<div>\n<div><\/div>\n<\/div>\n","protected":false},"featured_media":656,"comment_status":"open","ping_status":"closed","template":"","meta":{"_bbp_topic_count":0,"_bbp_reply_count":0,"_bbp_total_topic_count":0,"_bbp_total_reply_count":0,"_bbp_voice_count":0,"_bbp_anonymous_reply_count":0,"_bbp_topic_count_hidden":0,"_bbp_reply_count_hidden":0,"_bbp_forum_subforum_count":0,"_monsterinsights_skip_tracking":false,"_monsterinsights_sitenote_active":false,"_monsterinsights_sitenote_note":"","_monsterinsights_sitenote_category":0,"_joinchat":[]},"product_cat":[47,55,40],"product_tag":[],"aioseo_notices":[],"_links":{"self":[{"href":"https:\/\/gothicmx.com\/index.php\/wp-json\/wp\/v2\/product\/655"}],"collection":[{"href":"https:\/\/gothicmx.com\/index.php\/wp-json\/wp\/v2\/product"}],"about":[{"href":"https:\/\/gothicmx.com\/index.php\/wp-json\/wp\/v2\/types\/product"}],"replies":[{"embeddable":true,"href":"https:\/\/gothicmx.com\/index.php\/wp-json\/wp\/v2\/comments?post=655"}],"wp:featuredmedia":[{"embeddable":true,"href":"https:\/\/gothicmx.com\/index.php\/wp-json\/wp\/v2\/media\/656"}],"wp:attachment":[{"href":"https:\/\/gothicmx.com\/index.php\/wp-json\/wp\/v2\/media?parent=655"}],"wp:term":[{"taxonomy":"product_cat","embeddable":true,"href":"https:\/\/gothicmx.com\/index.php\/wp-json\/wp\/v2\/product_cat?post=655"},{"taxonomy":"product_tag","embeddable":true,"href":"https:\/\/gothicmx.com\/index.php\/wp-json\/wp\/v2\/product_tag?post=655"}],"curies":[{"name":"wp","href":"https:\/\/api.w.org\/{rel}","templated":true}]}}