{"id":675,"date":"2021-02-26T12:35:38","date_gmt":"2021-02-26T18:35:38","guid":{"rendered":"http:\/\/gothicmx.com\/?post_type=product&#038;p=675"},"modified":"2024-03-10T15:30:41","modified_gmt":"2024-03-10T21:30:41","slug":"erzebeth-eterna","status":"publish","type":"product","link":"https:\/\/gothicmx.com\/index.php\/producto\/erzebeth-eterna\/","title":{"rendered":"Erzebeth\/Eterna"},"content":{"rendered":"<p>Para la gente que ya conoce a Erszebeth va a encontrar un \u00e1lbum con el sonido caracter\u00edstico de la banda mucho m\u00e1s contundente que el disco anterior en cuesti\u00f3n del sonido y de poder, las bater\u00edas de Lalo le dan un nuevo toque que el disco anterior, es el mismo sonido de Erszebeth pero evolucionado, como que ya m\u00e1s crecidito y para la gente que no nos conoce va a encontrar temas en los que si gustas del metal\u00a0 te puedes enganchar, si te gusta el metal m\u00e1s fres\u00f3n, m\u00e1s gotiquenado te vas a enganchar, si te gusta ser rom\u00e1ntico y disfrutas alguna balada sin distorsi\u00f3n tambi\u00e9n te puedes enganchar.<\/p>\n<p>Entonces es un disco que tiene mucha din\u00e1micas, subidas y bajadas en las que creo que abre el espectro para que te guste por completo el g\u00e9nero o no te guste tanto, puedas encontrar algo con que identificarte y puedas ser parte del nuevo disco de Erszebeth.<\/p>\n<p>&nbsp;<\/p>\n<p>Mario del R\u00edo<\/p>\n<p><iframe loading=\"lazy\" title=\"Erszebeth - Parafilia VIDEO OFICIAL\" width=\"980\" height=\"551\" src=\"https:\/\/www.youtube.com\/embed\/d7ciFOAP8uM?feature=oembed\" frameborder=\"0\" allow=\"accelerometer; autoplay; clipboard-write; encrypted-media; gyroscope; picture-in-picture\" allowfullscreen><\/iframe><\/p>\n<p>&nbsp;<\/p>\n","protected":false},"excerpt":{"rendered":"<table class=\"yiv1549381172tracklist_3QGRS\">\n<tbody class=\"yiv1549381172\">\n<tr class=\"yiv1549381172\">\n<td class=\"yiv1549381172trackPos_2RCje\">1<\/td>\n<td class=\"yiv1549381172trackTitle_CTKp4\"><span class=\"yiv1549381172trackTitle_CTKp4\">De Profundis<\/span><\/td>\n<td class=\"yiv1549381172duration_2t4qr\">6:01<\/td>\n<\/tr>\n<tr class=\"yiv1549381172\">\n<td class=\"yiv1549381172trackPos_2RCje\">2<\/td>\n<td class=\"yiv1549381172trackTitle_CTKp4\"><span class=\"yiv1549381172trackTitle_CTKp4\">Parafilia<\/span><\/td>\n<td class=\"yiv1549381172duration_2t4qr\">4:58<\/td>\n<\/tr>\n<tr class=\"yiv1549381172\">\n<td class=\"yiv1549381172trackPos_2RCje\">3<\/td>\n<td class=\"yiv1549381172trackTitle_CTKp4\"><span class=\"yiv1549381172trackTitle_CTKp4\">El \u00daltimo Lugar<\/span><\/td>\n<td class=\"yiv1549381172duration_2t4qr\">3:56<\/td>\n<\/tr>\n<tr class=\"yiv1549381172\">\n<td class=\"yiv1549381172trackPos_2RCje\">4<\/td>\n<td class=\"yiv1549381172trackTitle_CTKp4\"><span class=\"yiv1549381172trackTitle_CTKp4\">Respiro Lento<\/span><\/td>\n<td class=\"yiv1549381172duration_2t4qr\">4:33<\/td>\n<\/tr>\n<tr class=\"yiv1549381172\">\n<td class=\"yiv1549381172trackPos_2RCje\">5<\/td>\n<td class=\"yiv1549381172trackTitle_CTKp4\"><span class=\"yiv1549381172trackTitle_CTKp4\">Presagio<\/span><\/td>\n<td class=\"yiv1549381172duration_2t4qr\">5:44<\/td>\n<\/tr>\n<tr class=\"yiv1549381172\">\n<td class=\"yiv1549381172trackPos_2RCje\">6<\/td>\n<td class=\"yiv1549381172trackTitle_CTKp4\"><span class=\"yiv1549381172trackTitle_CTKp4\">22 Inviernos<\/span><\/td>\n<td class=\"yiv1549381172duration_2t4qr\">4:20<\/td>\n<\/tr>\n<tr class=\"yiv1549381172\">\n<td class=\"yiv1549381172trackPos_2RCje\">7<\/td>\n<td class=\"yiv1549381172trackTitle_CTKp4\"><span class=\"yiv1549381172trackTitle_CTKp4\">Olas De Sal<\/span><\/td>\n<td class=\"yiv1549381172duration_2t4qr\">5:04<\/td>\n<\/tr>\n<tr class=\"yiv1549381172\">\n<td class=\"yiv1549381172trackPos_2RCje\">8<\/td>\n<td class=\"yiv1549381172trackTitle_CTKp4\"><span class=\"yiv1549381172trackTitle_CTKp4\">Nocturna<\/span><\/td>\n<td class=\"yiv1549381172duration_2t4qr\">5:11<\/td>\n<\/tr>\n<tr class=\"yiv1549381172\">\n<td class=\"yiv1549381172trackPos_2RCje\">9<\/td>\n<td class=\"yiv1549381172trackTitle_CTKp4\"><span class=\"yiv1549381172trackTitle_CTKp4\">Oscura<\/span><\/td>\n<td class=\"yiv1549381172duration_2t4qr\">5:04<\/td>\n<\/tr>\n<tr class=\"yiv1549381172\">\n<td class=\"yiv1549381172trackPos_2RCje\">10<\/td>\n<td class=\"yiv1549381172trackTitle_CTKp4\"><span class=\"yiv1549381172trackTitle_CTKp4\">Eterna<\/span><\/td>\n<\/tr>\n<\/tbody>\n<\/table>\n","protected":false},"featured_media":676,"comment_status":"open","ping_status":"closed","template":"","meta":{"_bbp_topic_count":0,"_bbp_reply_count":0,"_bbp_total_topic_count":0,"_bbp_total_reply_count":0,"_bbp_voice_count":0,"_bbp_anonymous_reply_count":0,"_bbp_topic_count_hidden":0,"_bbp_reply_count_hidden":0,"_bbp_forum_subforum_count":0,"_monsterinsights_skip_tracking":false,"_monsterinsights_sitenote_active":false,"_monsterinsights_sitenote_note":"","_monsterinsights_sitenote_category":0,"_joinchat":[]},"product_cat":[47,42],"product_tag":[],"aioseo_notices":[],"_links":{"self":[{"href":"https:\/\/gothicmx.com\/index.php\/wp-json\/wp\/v2\/product\/675"}],"collection":[{"href":"https:\/\/gothicmx.com\/index.php\/wp-json\/wp\/v2\/product"}],"about":[{"href":"https:\/\/gothicmx.com\/index.php\/wp-json\/wp\/v2\/types\/product"}],"replies":[{"embeddable":true,"href":"https:\/\/gothicmx.com\/index.php\/wp-json\/wp\/v2\/comments?post=675"}],"wp:featuredmedia":[{"embeddable":true,"href":"https:\/\/gothicmx.com\/index.php\/wp-json\/wp\/v2\/media\/676"}],"wp:attachment":[{"href":"https:\/\/gothicmx.com\/index.php\/wp-json\/wp\/v2\/media?parent=675"}],"wp:term":[{"taxonomy":"product_cat","embeddable":true,"href":"https:\/\/gothicmx.com\/index.php\/wp-json\/wp\/v2\/product_cat?post=675"},{"taxonomy":"product_tag","embeddable":true,"href":"https:\/\/gothicmx.com\/index.php\/wp-json\/wp\/v2\/product_tag?post=675"}],"curies":[{"name":"wp","href":"https:\/\/api.w.org\/{rel}","templated":true}]}}