{"id":681,"date":"2021-02-26T12:48:46","date_gmt":"2021-02-26T18:48:46","guid":{"rendered":"http:\/\/gothicmx.com\/?post_type=product&#038;p=681"},"modified":"2022-06-20T00:35:36","modified_gmt":"2022-06-20T05:35:36","slug":"halach-faces","status":"publish","type":"product","link":"https:\/\/gothicmx.com\/index.php\/producto\/halach-faces\/","title":{"rendered":"Halach\/Faces"},"content":{"rendered":"<p>&#8220;FACES&#8221;, UN GRANDIOSO DISCO DE ESTE GRUPO MEXICANO LLAMADO HALACH, EL SEGUNDO EN SU CARRERA. TODO EL CD TIENE MUY BUENOS ARREGLOS Y EXCELENTES LETRAS. ESTE \u00c1LBUM ES Y SER\u00c1 UNA DE LAS POCAS EXCEPCIONES EN EL CANAL CON CANCIONES EN INGL\u00c9S; SE HA DECIDIDO SUBIR POR LA CALIDAD QUE TIENE Y PORQUE EN SU MAYOR\u00cdA SON LETRAS EN ESPA\u00d1OL.<\/p>\n<p><iframe loading=\"lazy\" title=\"Halach-Sand\" width=\"980\" height=\"735\" src=\"https:\/\/www.youtube.com\/embed\/jr5C1kMSIY8?feature=oembed\" frameborder=\"0\" allow=\"accelerometer; autoplay; clipboard-write; encrypted-media; gyroscope; picture-in-picture\" allowfullscreen><\/iframe><\/p>\n","protected":false},"excerpt":{"rendered":"<table class=\"yiv1549381172display yiv1549381172table_lyrics\" cellspacing=\"0\" cellpadding=\"0\">\n<tbody class=\"yiv1549381172\">\n<tr class=\"yiv1549381172even\">\n<td class=\"yiv1549381172\" width=\"20\">1.<\/td>\n<td class=\"yiv1549381172wrapWords\">Overtura (Faces)<\/td>\n<td class=\"yiv1549381172\" align=\"right\">02:08<\/td>\n<td class=\"yiv1549381172\" nowrap=\"nowrap\"><\/td>\n<\/tr>\n<tr class=\"yiv1549381172odd\">\n<td class=\"yiv1549381172\" width=\"20\"><a class=\"yiv1549381172anchor\" rel=\"nofollow noopener noreferrer\" name=\"5101038\"><\/a>2.<\/td>\n<td class=\"yiv1549381172wrapWords\">Lagrimas<\/td>\n<td class=\"yiv1549381172\" align=\"right\">08:20<\/td>\n<td class=\"yiv1549381172\" nowrap=\"nowrap\"><\/td>\n<\/tr>\n<tr class=\"yiv1549381172even\">\n<td class=\"yiv1549381172\" width=\"20\"><a class=\"yiv1549381172anchor\" rel=\"nofollow noopener noreferrer\" name=\"5101039\"><\/a>3.<\/td>\n<td class=\"yiv1549381172wrapWords\">El campo est\u00e1 muerto<\/td>\n<td class=\"yiv1549381172\" align=\"right\">06:18<\/td>\n<td class=\"yiv1549381172\" nowrap=\"nowrap\"><\/td>\n<\/tr>\n<tr class=\"yiv1549381172odd\">\n<td class=\"yiv1549381172\" width=\"20\"><a class=\"yiv1549381172anchor\" rel=\"nofollow noopener noreferrer\" name=\"5101040\"><\/a>4.<\/td>\n<td class=\"yiv1549381172wrapWords\">Miserere Mei<\/td>\n<td class=\"yiv1549381172\" align=\"right\">05:51<\/td>\n<td class=\"yiv1549381172\" nowrap=\"nowrap\"><\/td>\n<\/tr>\n<tr class=\"yiv1549381172even\">\n<td class=\"yiv1549381172\" width=\"20\"><a class=\"yiv1549381172anchor\" rel=\"nofollow noopener noreferrer\" name=\"5101041\"><\/a>5.<\/td>\n<td class=\"yiv1549381172wrapWords\">Tragedy<\/td>\n<td class=\"yiv1549381172\" align=\"right\">04:26<\/td>\n<td class=\"yiv1549381172\" nowrap=\"nowrap\"><\/td>\n<\/tr>\n<tr class=\"yiv1549381172odd\">\n<td class=\"yiv1549381172\" width=\"20\"><a class=\"yiv1549381172anchor\" rel=\"nofollow noopener noreferrer\" name=\"5101042\"><\/a>6.<\/td>\n<td class=\"yiv1549381172wrapWords\">Melancolia<\/td>\n<td class=\"yiv1549381172\" align=\"right\">06:31<\/td>\n<td class=\"yiv1549381172\" nowrap=\"nowrap\"><\/td>\n<\/tr>\n<tr class=\"yiv1549381172even\">\n<td class=\"yiv1549381172\" width=\"20\"><a class=\"yiv1549381172anchor\" rel=\"nofollow noopener noreferrer\" name=\"5101043\"><\/a>7.<\/td>\n<td class=\"yiv1549381172wrapWords\">No quiero volver<\/td>\n<td class=\"yiv1549381172\" align=\"right\">06:17<\/td>\n<td class=\"yiv1549381172\" nowrap=\"nowrap\"><\/td>\n<\/tr>\n<tr class=\"yiv1549381172odd\">\n<td class=\"yiv1549381172\" width=\"20\"><a class=\"yiv1549381172anchor\" rel=\"nofollow noopener noreferrer\" name=\"5101044\"><\/a>8.<\/td>\n<td class=\"yiv1549381172wrapWords\">Asi ser\u00e1<\/td>\n<td class=\"yiv1549381172\" align=\"right\">06:06<\/td>\n<td class=\"yiv1549381172\" nowrap=\"nowrap\"><\/td>\n<\/tr>\n<tr class=\"yiv1549381172even\">\n<td class=\"yiv1549381172\" width=\"20\"><a class=\"yiv1549381172anchor\" rel=\"nofollow noopener noreferrer\" name=\"5101045\"><\/a>9.<\/td>\n<td class=\"yiv1549381172wrapWords\">You<\/td>\n<td class=\"yiv1549381172\" align=\"right\">06:06<\/td>\n<td class=\"yiv1549381172\" nowrap=\"nowrap\"><\/td>\n<\/tr>\n<tr class=\"yiv1549381172odd\">\n<td class=\"yiv1549381172\" width=\"20\"><a class=\"yiv1549381172anchor\" rel=\"nofollow noopener noreferrer\" name=\"5101046\"><\/a>10.<\/td>\n<td class=\"yiv1549381172wrapWords\">Sand<\/td>\n<\/tr>\n<\/tbody>\n<\/table>\n","protected":false},"featured_media":682,"comment_status":"open","ping_status":"closed","template":"","meta":{"_bbp_topic_count":0,"_bbp_reply_count":0,"_bbp_total_topic_count":0,"_bbp_total_reply_count":0,"_bbp_voice_count":0,"_bbp_anonymous_reply_count":0,"_bbp_topic_count_hidden":0,"_bbp_reply_count_hidden":0,"_bbp_forum_subforum_count":0,"_monsterinsights_skip_tracking":false,"_monsterinsights_sitenote_active":false,"_monsterinsights_sitenote_note":"","_monsterinsights_sitenote_category":0,"_joinchat":[]},"product_cat":[47,61],"product_tag":[],"aioseo_notices":[],"_links":{"self":[{"href":"https:\/\/gothicmx.com\/index.php\/wp-json\/wp\/v2\/product\/681"}],"collection":[{"href":"https:\/\/gothicmx.com\/index.php\/wp-json\/wp\/v2\/product"}],"about":[{"href":"https:\/\/gothicmx.com\/index.php\/wp-json\/wp\/v2\/types\/product"}],"replies":[{"embeddable":true,"href":"https:\/\/gothicmx.com\/index.php\/wp-json\/wp\/v2\/comments?post=681"}],"wp:featuredmedia":[{"embeddable":true,"href":"https:\/\/gothicmx.com\/index.php\/wp-json\/wp\/v2\/media\/682"}],"wp:attachment":[{"href":"https:\/\/gothicmx.com\/index.php\/wp-json\/wp\/v2\/media?parent=681"}],"wp:term":[{"taxonomy":"product_cat","embeddable":true,"href":"https:\/\/gothicmx.com\/index.php\/wp-json\/wp\/v2\/product_cat?post=681"},{"taxonomy":"product_tag","embeddable":true,"href":"https:\/\/gothicmx.com\/index.php\/wp-json\/wp\/v2\/product_tag?post=681"}],"curies":[{"name":"wp","href":"https:\/\/api.w.org\/{rel}","templated":true}]}}