{"id":713,"date":"2021-03-29T02:28:34","date_gmt":"2021-03-29T08:28:34","guid":{"rendered":"http:\/\/gothicmx.com\/?post_type=product&#038;p=713"},"modified":"2025-05-25T09:30:07","modified_gmt":"2025-05-25T15:30:07","slug":"la-bande-son-imaginaire","status":"publish","type":"product","link":"https:\/\/gothicmx.com\/index.php\/producto\/la-bande-son-imaginaire\/","title":{"rendered":"La Bande-Son Imaginaire"},"content":{"rendered":"<p>Fue en 2014, cuando\u00a0<strong>\u00d3scar Tanat<\/strong>\u00a0(voz y letras),\u00a0<strong>Heri \u00c1ngelo Tana<\/strong>t (teclados) y<strong>\u00a0El F\u00e9nix Negro<\/strong>\u00a0(viol\u00edn) conformaron\u00a0<strong>La bande-son imaginaire<\/strong>; un proyecto experimental y\u00a0<em>underground<\/em>\u00a0proveniente de Oaxaca, M\u00e9xico. Para ese a\u00f1o, el tr\u00edo se dio a conocer con\u00a0<strong><em>El Horror Yazz<\/em><\/strong>, su \u00e1lbum debut; definiendo as\u00ed su estilo como &#8220;el horror para la era audiovisual&#8221;. A\u00f1os m\u00e1s tarde y con una propuesta musical m\u00e1s definida la agrupaci\u00f3n present\u00f3\u00a0<strong><em>Mezcal a Pleno Vuelo<\/em><\/strong>\u00a0(2018).<\/p>\n<p>Gracias a su inclinaci\u00f3n por sonidos del synth pop, dark wave y m\u00fasica electr\u00f3nica francesa es que este proyecto ha logrado un buen reconocimiento en la industria musical en los \u00faltimos seis a\u00f1os. Para 2018, lograron llevar su propuesta al\u00a0<em>Festival Marvin<\/em>\u00a0y a los que presenciaron el concierto de\u00a0<strong>Hocico<\/strong>\u00a0en<em>\u00a0El Plaza Condes<\/em>a. Finalmente rematando el a\u00f1o pasado con su canci\u00f3n\u00a0<strong>&#8220;Altar de muertos&#8221;<\/strong>, en colaboraci\u00f3n con\u00a0<strong>Sin Quirin<\/strong>\u00a0de\u00a0<strong>Ministry<\/strong>.<\/p>\n<p>Adem\u00e1s de su interesante propuesta musical,\u00a0<strong>La bande-son imaginaire<\/strong>\u00a0se ha distinguido por ser una banda cercana al cine, al teatro y a la poes\u00eda. Inspir\u00e1ndose en movimientos art\u00edsticos como el expresionismo alem\u00e1n, fue como lograron realizar el metraje para\u00a0<strong>&#8220;El Horror Yazz&#8221;<\/strong>. As\u00ed tambi\u00e9n, han incluido notables referencias a los escritos del poeta franc\u00e9s\u00a0<strong>Charles Baudelaire<\/strong>\u00a0para la m\u00fasica de\u00a0<strong>&#8220;Macabre&#8221;<\/strong>, tema que al igual que<strong>\u00a0&#8220;Laisse-moi faire&#8221;<\/strong>\u00a0y<strong>\u00a0&#8220;A gogoth&#8221;<\/strong>\u00a0formar\u00e1n\u00a0parte de su nuevo LP\u00a0<strong><em>La Muerte en Vintage.<\/em><\/strong><\/p>\n<p><iframe loading=\"lazy\" title=\"La bande-son imaginaire - &quot;El horror yazz&quot; (Official video)\" width=\"980\" height=\"551\" src=\"https:\/\/www.youtube.com\/embed\/ETU6mXrUPMc?feature=oembed\" frameborder=\"0\" allow=\"accelerometer; autoplay; clipboard-write; encrypted-media; gyroscope; picture-in-picture; web-share\" allowfullscreen><\/iframe><\/p>\n<p>&nbsp;<\/p>\n","protected":false},"excerpt":{"rendered":"<div class=\"rlc__slider-page\">\n<div class=\"hFvVJe\">\n<div class=\"h998We mlo-c\">\n<div class=\"kIXOkb PZPZlf\" data-attrid=\"kc:\/music\/album:songs\" data-entityid=\"\/g\/11b7_t63nj\" data-rentity=\"\/g\/11b80mtzb9\">\n<div class=\"vtnSJf TO2KC GQFnxe QcvIo pbhLif\">\n<div class=\"VQr16d\">\n<div class=\"xtObwd\">1\u00a0 El Horror Yazz 6:02<\/div>\n<\/div>\n<\/div>\n<\/div>\n<\/div>\n<div class=\"h998We mlo-c\">\n<div class=\"kIXOkb PZPZlf\" data-attrid=\"kc:\/music\/album:songs\" data-entityid=\"\/g\/11b7_t63nj\" data-rentity=\"\/g\/11b80lfj1w\">\n<div class=\"vtnSJf TO2KC GQFnxe QcvIo pbhLif\">\n<div class=\"VQr16d\">\n<div class=\"xtObwd\">2\u00a0 Contrato Laboral 6:29<\/div>\n<\/div>\n<\/div>\n<\/div>\n<\/div>\n<div class=\"h998We mlo-c\">\n<div class=\"kIXOkb PZPZlf\" data-attrid=\"kc:\/music\/album:songs\" data-entityid=\"\/g\/11b7_t63nj\" data-rentity=\"\/g\/11bv15q8c3\">\n<div class=\"JJP03\">3\u00a0 La Calle Muerta 7:49<\/div>\n<\/div>\n<\/div>\n<div class=\"h998We mlo-c\">\n<div class=\"kIXOkb PZPZlf\" data-attrid=\"kc:\/music\/album:songs\" data-entityid=\"\/g\/11b7_t63nj\" data-rentity=\"\/g\/11bt__v8bd\">\n<div class=\"vtnSJf TO2KC GQFnxe QcvIo pbhLif\">\n<div class=\"VQr16d\">\n<div class=\"xtObwd\">4\u00a0 Los Monstruos del Hash 6:22<\/div>\n<\/div>\n<\/div>\n<\/div>\n<\/div>\n<\/div>\n<\/div>\n<div class=\"rlc__slider-page\">\n<div class=\"hFvVJe\">\n<div class=\"h998We mlo-c\">\n<div class=\"kIXOkb PZPZlf\" data-attrid=\"kc:\/music\/album:songs\" data-entityid=\"\/g\/11b7_t63nj\" data-rentity=\"\/g\/11b80jvd_2\">\n<div class=\"vtnSJf TO2KC GQFnxe QcvIo pbhLif\">\n<div class=\"VQr16d\">\n<div class=\"xtObwd\">5\u00a0 Necrotech 7:03<\/div>\n<\/div>\n<\/div>\n<\/div>\n<\/div>\n<div class=\"h998We mlo-c\">\n<div class=\"kIXOkb PZPZlf\" data-attrid=\"kc:\/music\/album:songs\" data-entityid=\"\/g\/11b7_t63nj\" data-rentity=\"\/g\/11b816byyc\">\n<div class=\"vtnSJf TO2KC GQFnxe QcvIo pbhLif\">\n<div class=\"VQr16d\">\n<div class=\"xtObwd\">6\u00a0 Payaso del Circo Industrial 5:10<\/div>\n<\/div>\n<\/div>\n<\/div>\n<\/div>\n<div class=\"h998We mlo-c\">\n<div class=\"kIXOkb PZPZlf\" data-attrid=\"kc:\/music\/album:songs\" data-entityid=\"\/g\/11b7_t63nj\" data-rentity=\"\/g\/11bt_x7hq1\">\n<div class=\"JJP03\">7\u00a0 Suprasombra 9:03<\/div>\n<\/div>\n<\/div>\n<div class=\"h998We mlo-c\">\n<div class=\"kIXOkb PZPZlf\" data-attrid=\"kc:\/music\/album:songs\" data-entityid=\"\/g\/11b7_t63nj\" data-rentity=\"\/g\/11b80pcmp9\">\n<div class=\"vtnSJf TO2KC GQFnxe QcvIo pbhLif\">\n<div class=\"VQr16d\">\n<div class=\"xtObwd\">8\u00a0 Alucin\u00f3gena 6:11<\/div>\n<\/div>\n<\/div>\n<\/div>\n<\/div>\n<\/div>\n<\/div>\n","protected":false},"featured_media":714,"comment_status":"open","ping_status":"closed","template":"","meta":{"_bbp_topic_count":0,"_bbp_reply_count":0,"_bbp_total_topic_count":0,"_bbp_total_reply_count":0,"_bbp_voice_count":0,"_bbp_anonymous_reply_count":0,"_bbp_topic_count_hidden":0,"_bbp_reply_count_hidden":0,"_bbp_forum_subforum_count":0,"_monsterinsights_skip_tracking":false,"_monsterinsights_sitenote_active":false,"_monsterinsights_sitenote_note":"","_monsterinsights_sitenote_category":0,"_joinchat":[]},"product_cat":[47,16,55,40],"product_tag":[],"aioseo_notices":[],"_links":{"self":[{"href":"https:\/\/gothicmx.com\/index.php\/wp-json\/wp\/v2\/product\/713"}],"collection":[{"href":"https:\/\/gothicmx.com\/index.php\/wp-json\/wp\/v2\/product"}],"about":[{"href":"https:\/\/gothicmx.com\/index.php\/wp-json\/wp\/v2\/types\/product"}],"replies":[{"embeddable":true,"href":"https:\/\/gothicmx.com\/index.php\/wp-json\/wp\/v2\/comments?post=713"}],"wp:featuredmedia":[{"embeddable":true,"href":"https:\/\/gothicmx.com\/index.php\/wp-json\/wp\/v2\/media\/714"}],"wp:attachment":[{"href":"https:\/\/gothicmx.com\/index.php\/wp-json\/wp\/v2\/media?parent=713"}],"wp:term":[{"taxonomy":"product_cat","embeddable":true,"href":"https:\/\/gothicmx.com\/index.php\/wp-json\/wp\/v2\/product_cat?post=713"},{"taxonomy":"product_tag","embeddable":true,"href":"https:\/\/gothicmx.com\/index.php\/wp-json\/wp\/v2\/product_tag?post=713"}],"curies":[{"name":"wp","href":"https:\/\/api.w.org\/{rel}","templated":true}]}}