{"id":733,"date":"2021-04-26T02:19:56","date_gmt":"2021-04-26T07:19:56","guid":{"rendered":"http:\/\/gothicmx.com\/?post_type=product&#038;p=733"},"modified":"2021-06-20T22:09:33","modified_gmt":"2021-06-21T03:09:33","slug":"gorgonas-nocturno-kaos","status":"publish","type":"product","link":"https:\/\/gothicmx.com\/index.php\/producto\/gorgonas-nocturno-kaos\/","title":{"rendered":"Gorgonas \/ Nocturno Kaos"},"content":{"rendered":"<p>Las Gorgonas es una banda de Deathrock Mexicana que se form\u00f3 en agosto de 1997 con Omar F. en la Voz y programacion de secuencias, Rom\u00e1n F. en la guitarra y programaci\u00f3n de secuencias, Panchito Death en el Bajo y sintetizador, a lo largo de su trayectoria han alternado con bandas como Sex Gang Children, The Last Dance, The Death of a Party, Blood y Cinema Strange en la Ciudad de M\u00e9xico.<\/p>\n<p><iframe loading=\"lazy\" title=\"Gorgonas - la ciega V\u00eddeo Oficial\" width=\"980\" height=\"735\" src=\"https:\/\/www.youtube.com\/embed\/1eWgBaxRFjY?feature=oembed\" frameborder=\"0\" allow=\"accelerometer; autoplay; clipboard-write; encrypted-media; gyroscope; picture-in-picture\" allowfullscreen><\/iframe><\/p>\n<p>&nbsp;<\/p>\n","protected":false},"excerpt":{"rendered":"<p><span style=\"color: #ff0000;\">*NOTA: Las copias que tenemos en venta de este disco son nuevas pero tienen el cubre disco un poco maltratado ya que fueron editados en el a\u00f1o 2005<\/span><\/p>\n<p>01.Machines<br \/>\n02.Manada Insomne<br \/>\n03.La Ciega<br \/>\n04.Vientre De Concreto<br \/>\n05.Fucking U.S.A<br \/>\n06.Mente Demolita<br \/>\n07.Resureccion<br \/>\n08.Conspiradores<br \/>\n09.Desolacion<br \/>\n10.Cold War<\/p>\n","protected":false},"featured_media":734,"comment_status":"open","ping_status":"closed","template":"","meta":{"_bbp_topic_count":0,"_bbp_reply_count":0,"_bbp_total_topic_count":0,"_bbp_total_reply_count":0,"_bbp_voice_count":0,"_bbp_anonymous_reply_count":0,"_bbp_topic_count_hidden":0,"_bbp_reply_count_hidden":0,"_bbp_forum_subforum_count":0,"_monsterinsights_skip_tracking":false,"_monsterinsights_sitenote_active":false,"_monsterinsights_sitenote_note":"","_monsterinsights_sitenote_category":0,"_joinchat":[]},"product_cat":[47,52,43],"product_tag":[],"aioseo_notices":[],"_links":{"self":[{"href":"https:\/\/gothicmx.com\/index.php\/wp-json\/wp\/v2\/product\/733"}],"collection":[{"href":"https:\/\/gothicmx.com\/index.php\/wp-json\/wp\/v2\/product"}],"about":[{"href":"https:\/\/gothicmx.com\/index.php\/wp-json\/wp\/v2\/types\/product"}],"replies":[{"embeddable":true,"href":"https:\/\/gothicmx.com\/index.php\/wp-json\/wp\/v2\/comments?post=733"}],"wp:featuredmedia":[{"embeddable":true,"href":"https:\/\/gothicmx.com\/index.php\/wp-json\/wp\/v2\/media\/734"}],"wp:attachment":[{"href":"https:\/\/gothicmx.com\/index.php\/wp-json\/wp\/v2\/media?parent=733"}],"wp:term":[{"taxonomy":"product_cat","embeddable":true,"href":"https:\/\/gothicmx.com\/index.php\/wp-json\/wp\/v2\/product_cat?post=733"},{"taxonomy":"product_tag","embeddable":true,"href":"https:\/\/gothicmx.com\/index.php\/wp-json\/wp\/v2\/product_tag?post=733"}],"curies":[{"name":"wp","href":"https:\/\/api.w.org\/{rel}","templated":true}]}}