{"id":745,"date":"2021-05-03T01:23:03","date_gmt":"2021-05-03T06:23:03","guid":{"rendered":"http:\/\/gothicmx.com\/?post_type=product&#038;p=745"},"modified":"2022-07-01T17:46:44","modified_gmt":"2022-07-01T22:46:44","slug":"hoffen-blinded","status":"publish","type":"product","link":"https:\/\/gothicmx.com\/index.php\/producto\/hoffen-blinded\/","title":{"rendered":"Hoffen &#8211; Blinded"},"content":{"rendered":"<p>Hoffen es un proyecto de Cold Wave procedente de la Ciudad de M\u00e9xico formado en 2015 por el m\u00fasico Dal\u00ed Lantzeta, convirti\u00e9ndose r\u00e1pidamene en referencia dentro de la escena alternativa del pa\u00eds, participando en documentales, pel\u00edculas, cortometrajes y recopilatorios dentro de la escena &#8220;oscura&#8221;.<\/p>\n<p>Hoffen est\u00e1n fuertemente influenciados por sonidos procedentes del post punk, new wave y gothic rock brit\u00e1nico ochentero, pero tambi\u00e9n de Neo Folk, como se puede apreciar en el tema que da t\u00edtulo al disco.<\/p>\n<p>&#8220;Blinded&#8221; es el segundo disco de Hoffen, grabado por Dal\u00ed Lantzeta, producido y masterizado en los NOF Studios por Rodrigo Nosti en Ciudad de M\u00e9xico.<\/p>\n<p><iframe loading=\"lazy\" title=\"Hoffen - Blinded\" width=\"980\" height=\"551\" src=\"https:\/\/www.youtube.com\/embed\/CA10cm9Sq5Q?feature=oembed\" frameborder=\"0\" allow=\"accelerometer; autoplay; clipboard-write; encrypted-media; gyroscope; picture-in-picture\" allowfullscreen><\/iframe><\/p>\n<p>&nbsp;<\/p>\n","protected":false},"excerpt":{"rendered":"<div class=\"track_number secondaryText\">1. <span class=\"track-title\">Ain&#8217;t be Alone<\/span>\u00a0<span class=\"time secondaryText\">04:43<br \/>\n<\/span>2. <span class=\"track-title\">Hammurabi<\/span>\u00a0<span class=\"time secondaryText\">03:37<br \/>\n<\/span>3. <span class=\"track-title\">You Will Fall With Me<\/span>\u00a0<span class=\"time secondaryText\">03:15<br \/>\n<\/span>4. <span class=\"track-title\">Shalom<\/span>\u00a0<span class=\"time secondaryText\">03:49<br \/>\n<\/span>5. <span class=\"track-title\">Hide From the World<\/span>\u00a0<span class=\"time secondaryText\">03:02<br \/>\n<\/span>6. <span class=\"track-title\">Blinded<\/span>\u00a0<span class=\"time secondaryText\">04:03<br \/>\n<\/span>7. <span class=\"track-title\">Whisper of the Night<\/span>\u00a0<span class=\"time secondaryText\">02:42<br \/>\n<\/span>8. <span class=\"track-title\">Fragile<\/span>\u00a0<span class=\"time secondaryText\">03:44<br \/>\n<\/span>9. <span class=\"track-title\">Shuriken<\/span>\u00a0<span class=\"time secondaryText\">03:14<br \/>\n<\/span>10. <span class=\"track-title\">Calma y Devastaci\u00f3n<\/span>\u00a0<span class=\"time secondaryText\">03:26<br \/>\n<\/span>11. <span class=\"track-title\">Locked in the World<\/span>\u00a0<span class=\"time secondaryText\">03:25<\/span><\/div>\n","protected":false},"featured_media":746,"comment_status":"open","ping_status":"closed","template":"","meta":{"_bbp_topic_count":0,"_bbp_reply_count":0,"_bbp_total_topic_count":0,"_bbp_total_reply_count":0,"_bbp_voice_count":0,"_bbp_anonymous_reply_count":0,"_bbp_topic_count_hidden":0,"_bbp_reply_count_hidden":0,"_bbp_forum_subforum_count":0,"_monsterinsights_skip_tracking":false,"_monsterinsights_sitenote_active":false,"_monsterinsights_sitenote_note":"","_monsterinsights_sitenote_category":0,"_joinchat":[]},"product_cat":[47,58,46],"product_tag":[],"aioseo_notices":[],"_links":{"self":[{"href":"https:\/\/gothicmx.com\/index.php\/wp-json\/wp\/v2\/product\/745"}],"collection":[{"href":"https:\/\/gothicmx.com\/index.php\/wp-json\/wp\/v2\/product"}],"about":[{"href":"https:\/\/gothicmx.com\/index.php\/wp-json\/wp\/v2\/types\/product"}],"replies":[{"embeddable":true,"href":"https:\/\/gothicmx.com\/index.php\/wp-json\/wp\/v2\/comments?post=745"}],"wp:featuredmedia":[{"embeddable":true,"href":"https:\/\/gothicmx.com\/index.php\/wp-json\/wp\/v2\/media\/746"}],"wp:attachment":[{"href":"https:\/\/gothicmx.com\/index.php\/wp-json\/wp\/v2\/media?parent=745"}],"wp:term":[{"taxonomy":"product_cat","embeddable":true,"href":"https:\/\/gothicmx.com\/index.php\/wp-json\/wp\/v2\/product_cat?post=745"},{"taxonomy":"product_tag","embeddable":true,"href":"https:\/\/gothicmx.com\/index.php\/wp-json\/wp\/v2\/product_tag?post=745"}],"curies":[{"name":"wp","href":"https:\/\/api.w.org\/{rel}","templated":true}]}}