{"id":747,"date":"2021-05-03T04:28:06","date_gmt":"2021-05-03T09:28:06","guid":{"rendered":"http:\/\/gothicmx.com\/?post_type=product&#038;p=747"},"modified":"2022-10-27T01:45:07","modified_gmt":"2022-10-27T06:45:07","slug":"ojo-por-ojo-las-animas-del-cuarto-oscuro-un-apasionado-homenaje","status":"publish","type":"product","link":"https:\/\/gothicmx.com\/index.php\/producto\/ojo-por-ojo-las-animas-del-cuarto-oscuro-un-apasionado-homenaje\/","title":{"rendered":"Ojo por ojo &#8211; Las \u00c1nimas del Cuarto Oscuro &#8211; Un Apasionado Homenaje"},"content":{"rendered":"<p><strong>Las \u00c1nimas del Cuarto Oscuro<\/strong>\u00a0es uno de los proyectos mexicanos m\u00e1s enigm\u00e1ticos de la d\u00e9cada de los 80, pues con el \u00fanico \u00e1lbum que editaron a finales de la d\u00e9cada se fueron haciendo de un estatus de culto.<\/p>\n<p><strong>To\u00f1o S\u00e1nchez Uribe, Juan\u00a0<\/strong>y\u00a0<strong>Jos\u00e9 Ezcurdia<\/strong>\u00a0fueron los encargados de formar la banda en 1988, con lo que r\u00e1pidamente se pusieron a trabajar en un \u00e1lbum que en la actualidad es considerado como una de las m\u00e1s grandes reliquias del rock nacional.<\/p>\n<p><strong>To\u00f1o S\u00e1nchez Uribe, Juan\u00a0<\/strong>y\u00a0<strong>Jos\u00e9 Ezcurdia<\/strong>\u00a0fueron los encargados de formar la banda en 1988, con lo que r\u00e1pidamente se pusieron a trabajar en un \u00e1lbum que en la actualidad es considerado como una de las m\u00e1s grandes reliquias del rock nacional.<\/p>\n<p><iframe loading=\"lazy\" title=\"OJOROJO Vol.01, cd homenaje a Las \u00c1nimas del Cuarto Oscuro.\" width=\"980\" height=\"551\" src=\"https:\/\/www.youtube.com\/embed\/U5OhdJHERBs?feature=oembed\" frameborder=\"0\" allow=\"accelerometer; autoplay; clipboard-write; encrypted-media; gyroscope; picture-in-picture\" allowfullscreen><\/iframe><\/p>\n<p>&nbsp;<\/p>\n","protected":false},"excerpt":{"rendered":"<p>1\u00a0 \u2013Etc\u00e9tera &#8211; Decadencia<br \/>\n2 \u2013The Dragulas &#8211; Pueblo Fantasma<br \/>\n3 \u2013Ol\u00edmpicos &#8211; Samarkanda<br \/>\n4 \u2013Los Magn\u00edficos* &#8211; Sirena<br \/>\n5 \u2013Latan\u00eda &#8211; Aparecida<br \/>\n6 \u2013Gamma Gramma 2.0 &#8211; La Mosca<br \/>\n7 \u2013Radiobot &#8211; Azul Pastel<br \/>\n8 \u2013Documento &#8211; Hasta Luego<br \/>\n9 \u2013Xynkronox &#8211; Decadencia<br \/>\n10 \u2013Arte Del Terror &#8211; Pueblo Fantasma<br \/>\n11 \u2013Videosaurio &#8211; Samarkanda<br \/>\n12 \u2013Schlager &#8211; Sirena<br \/>\n13 \u2013Leonora Post Punk &#8211; Aparecida<br \/>\n14 \u2013Toro Folk &#8211; La Mosca<br \/>\n15 \u2013Fun (17) &#8211; Azul Pastel<br \/>\n16 \u2013Los Queso &#8211; Hasta Luego<br \/>\n17 \u2013Las \u00c1nimas* &#8211; Sue\u00f1os En Espiral<\/p>\n","protected":false},"featured_media":748,"comment_status":"open","ping_status":"closed","template":"","meta":{"_bbp_topic_count":0,"_bbp_reply_count":0,"_bbp_total_topic_count":0,"_bbp_total_reply_count":0,"_bbp_voice_count":0,"_bbp_anonymous_reply_count":0,"_bbp_topic_count_hidden":0,"_bbp_reply_count_hidden":0,"_bbp_forum_subforum_count":0,"_monsterinsights_skip_tracking":false,"_monsterinsights_sitenote_active":false,"_monsterinsights_sitenote_note":"","_monsterinsights_sitenote_category":0,"_joinchat":[]},"product_cat":[47,55,40,46],"product_tag":[],"aioseo_notices":[],"_links":{"self":[{"href":"https:\/\/gothicmx.com\/index.php\/wp-json\/wp\/v2\/product\/747"}],"collection":[{"href":"https:\/\/gothicmx.com\/index.php\/wp-json\/wp\/v2\/product"}],"about":[{"href":"https:\/\/gothicmx.com\/index.php\/wp-json\/wp\/v2\/types\/product"}],"replies":[{"embeddable":true,"href":"https:\/\/gothicmx.com\/index.php\/wp-json\/wp\/v2\/comments?post=747"}],"wp:featuredmedia":[{"embeddable":true,"href":"https:\/\/gothicmx.com\/index.php\/wp-json\/wp\/v2\/media\/748"}],"wp:attachment":[{"href":"https:\/\/gothicmx.com\/index.php\/wp-json\/wp\/v2\/media?parent=747"}],"wp:term":[{"taxonomy":"product_cat","embeddable":true,"href":"https:\/\/gothicmx.com\/index.php\/wp-json\/wp\/v2\/product_cat?post=747"},{"taxonomy":"product_tag","embeddable":true,"href":"https:\/\/gothicmx.com\/index.php\/wp-json\/wp\/v2\/product_tag?post=747"}],"curies":[{"name":"wp","href":"https:\/\/api.w.org\/{rel}","templated":true}]}}