{"id":791,"date":"2021-07-02T01:38:30","date_gmt":"2021-07-02T06:38:30","guid":{"rendered":"http:\/\/gothicmx.com\/?post_type=product&#038;p=791"},"modified":"2022-10-30T01:38:04","modified_gmt":"2022-10-30T06:38:04","slug":"las-insolitas-imagenes-de-aurora","status":"publish","type":"product","link":"https:\/\/gothicmx.com\/index.php\/producto\/las-insolitas-imagenes-de-aurora\/","title":{"rendered":"Las Ins\u00f3litas im\u00e1genes de Aurora"},"content":{"rendered":"<p><b>Las Insolitas Im\u00e1genes de Aurora<\/b>\u00a0fue una\u00a0banda\u00a0de\u00a0rock\u00a0mexicana\u00a0surgida en 1984 e integrada por\u00a0Sa\u00fal Hern\u00e1ndez\u00a0en el bajo y la voz,\u00a0Alejandro Marcovich\u00a0en la guitarra y\u00a0Alfonso Andr\u00e9\u00a0en la bater\u00eda. Tras su disoluci\u00f3n en 1986 Sa\u00fal y Alfonso integraron\u00a0Caifanes, dos a\u00f1os despu\u00e9s Alejandro tambi\u00e9n se unir\u00eda a este grupo, por lo que Las Ins\u00f3litas es considerada la banda predecesora de Caifanes.<\/p>\n<p>&nbsp;<\/p>\n<p><iframe loading=\"lazy\" title=\"Las insolitas imagenes de Aurora - Atrapado en las telara\u00f1as de tu ternura (remasterizada)\" width=\"980\" height=\"735\" src=\"https:\/\/www.youtube.com\/embed\/fdbXjHeizSE?feature=oembed\" frameborder=\"0\" allow=\"accelerometer; autoplay; clipboard-write; encrypted-media; gyroscope; picture-in-picture\" allowfullscreen><\/iframe><\/p>\n<p>&nbsp;<\/p>\n","protected":false},"excerpt":{"rendered":"<table class=\"tracklist_3QGRS\">\n<tbody>\n<tr data-track-position=\"1\">\n<td class=\"trackPos_2RCje\">1<\/td>\n<td class=\"artist_3zAQD\"><\/td>\n<td class=\"trackTitle_CTKp4\"><span class=\"trackTitle_CTKp4\">Bienvenidos<\/span><\/td>\n<\/tr>\n<tr data-track-position=\"2\">\n<td class=\"trackPos_2RCje\">2<\/td>\n<td class=\"artist_3zAQD\"><\/td>\n<td class=\"trackTitle_CTKp4\"><span class=\"trackTitle_CTKp4\">El Safari<\/span><\/td>\n<\/tr>\n<tr data-track-position=\"3\">\n<td class=\"trackPos_2RCje\">3<\/td>\n<td class=\"artist_3zAQD\"><\/td>\n<td class=\"trackTitle_CTKp4\"><span class=\"trackTitle_CTKp4\">Rosa<\/span><\/td>\n<\/tr>\n<tr data-track-position=\"4\">\n<td class=\"trackPos_2RCje\">4<\/td>\n<td class=\"artist_3zAQD\"><\/td>\n<td class=\"trackTitle_CTKp4\"><span class=\"trackTitle_CTKp4\">Claudia<\/span><\/td>\n<\/tr>\n<tr data-track-position=\"5\">\n<td class=\"trackPos_2RCje\">5<\/td>\n<td class=\"artist_3zAQD\"><\/td>\n<td class=\"trackTitle_CTKp4\"><span class=\"trackTitle_CTKp4\">La Vieja<\/span><\/td>\n<\/tr>\n<tr data-track-position=\"6\">\n<td class=\"trackPos_2RCje\">6<\/td>\n<td class=\"artist_3zAQD\"><\/td>\n<td class=\"trackTitle_CTKp4\"><span class=\"trackTitle_CTKp4\">Pero Nunca Me Oye<\/span><\/td>\n<\/tr>\n<tr data-track-position=\"7\">\n<td class=\"trackPos_2RCje\">7<\/td>\n<td class=\"artist_3zAQD\"><\/td>\n<td class=\"trackTitle_CTKp4\"><span class=\"trackTitle_CTKp4\">Hasta Morir<\/span><\/td>\n<\/tr>\n<\/tbody>\n<\/table>\n","protected":false},"featured_media":792,"comment_status":"open","ping_status":"closed","template":"","meta":{"_bbp_topic_count":0,"_bbp_reply_count":0,"_bbp_total_topic_count":0,"_bbp_total_reply_count":0,"_bbp_voice_count":0,"_bbp_anonymous_reply_count":0,"_bbp_topic_count_hidden":0,"_bbp_reply_count_hidden":0,"_bbp_forum_subforum_count":0,"_monsterinsights_skip_tracking":false,"_monsterinsights_sitenote_active":false,"_monsterinsights_sitenote_note":"","_monsterinsights_sitenote_category":0,"_joinchat":[]},"product_cat":[47,50,43,64],"product_tag":[],"aioseo_notices":[],"_links":{"self":[{"href":"https:\/\/gothicmx.com\/index.php\/wp-json\/wp\/v2\/product\/791"}],"collection":[{"href":"https:\/\/gothicmx.com\/index.php\/wp-json\/wp\/v2\/product"}],"about":[{"href":"https:\/\/gothicmx.com\/index.php\/wp-json\/wp\/v2\/types\/product"}],"replies":[{"embeddable":true,"href":"https:\/\/gothicmx.com\/index.php\/wp-json\/wp\/v2\/comments?post=791"}],"wp:featuredmedia":[{"embeddable":true,"href":"https:\/\/gothicmx.com\/index.php\/wp-json\/wp\/v2\/media\/792"}],"wp:attachment":[{"href":"https:\/\/gothicmx.com\/index.php\/wp-json\/wp\/v2\/media?parent=791"}],"wp:term":[{"taxonomy":"product_cat","embeddable":true,"href":"https:\/\/gothicmx.com\/index.php\/wp-json\/wp\/v2\/product_cat?post=791"},{"taxonomy":"product_tag","embeddable":true,"href":"https:\/\/gothicmx.com\/index.php\/wp-json\/wp\/v2\/product_tag?post=791"}],"curies":[{"name":"wp","href":"https:\/\/api.w.org\/{rel}","templated":true}]}}