{"id":801,"date":"2021-11-29T05:06:31","date_gmt":"2021-11-29T11:06:31","guid":{"rendered":"http:\/\/gothicmx.com\/?post_type=product&#038;p=801"},"modified":"2025-11-22T04:00:09","modified_gmt":"2025-11-22T10:00:09","slug":"aves-a-veces","status":"publish","type":"product","link":"https:\/\/gothicmx.com\/index.php\/producto\/aves-a-veces\/","title":{"rendered":"Aves a veces"},"content":{"rendered":"<p>Est\u00e1 integrado por Juan Heredia en voz, guitarra y letras, Carlos D\u00edaz en bajo y coros, Mois\u00e9s Olmedo en bater\u00eda y Emmanuel Navarro \u2018Tired\u2019 en sintetizador, comenzar\u00f3n a tocar juntos en marzo de 1998 en la ciudad de Guadalajara, Jalisco, M\u00e9xico. Los inicios son en la m\u00fasica dark, aunque a lo largo de estos a\u00f1os han evolucionado hacia otros rumbos musicales aunque ya no se consideran una banda dark, siguen teniendo mucha influencia de ese g\u00e9nero, definen su estilo musical como \u2018alternativo oscuro\u2019. Su discograf\u00eda consta de un primer demo que se llam\u00f3 sencillamente \u2018Aves a Veces\u2019 (1999) en este se inclu\u00edan siete canciones, seguido de un disco titulado \u2018Aura\u2019 (2001), despu\u00e9s el EP \u2018Suspira\u2019 (2003) hasta llegar al disco \u2018Ahora somos nada\u2019 (2005), actualmente EP sencillamente llamado Aves a Veces(2008)<\/p>\n<p><iframe loading=\"lazy\" title=\"Aves a veces - Donde estabas tu.\" width=\"980\" height=\"735\" src=\"https:\/\/www.youtube.com\/embed\/x9n5nfku5yo?feature=oembed\" frameborder=\"0\" allow=\"accelerometer; autoplay; clipboard-write; encrypted-media; gyroscope; picture-in-picture\" allowfullscreen><\/iframe><\/p>\n<p>&nbsp;<\/p>\n","protected":false},"excerpt":{"rendered":"<p>1 Aflicci\u00f3n<br \/>\n2 \u00bfD\u00f3nde Estabas?<br \/>\n3 D\u00edas Rotos<br \/>\n4 No Estar\u00e9<br \/>\n5 Deriva<br \/>\n6 Sin T\u00edtulo<br \/>\n7 In\u00e9s<\/p>\n","protected":false},"featured_media":802,"comment_status":"open","ping_status":"closed","template":"","meta":{"_bbp_topic_count":0,"_bbp_reply_count":0,"_bbp_total_topic_count":0,"_bbp_total_reply_count":0,"_bbp_voice_count":0,"_bbp_anonymous_reply_count":0,"_bbp_topic_count_hidden":0,"_bbp_reply_count_hidden":0,"_bbp_forum_subforum_count":0,"_monsterinsights_skip_tracking":false,"_monsterinsights_sitenote_active":false,"_monsterinsights_sitenote_note":"","_monsterinsights_sitenote_category":0,"_joinchat":[]},"product_cat":[47,41,43],"product_tag":[],"aioseo_notices":[],"_links":{"self":[{"href":"https:\/\/gothicmx.com\/index.php\/wp-json\/wp\/v2\/product\/801"}],"collection":[{"href":"https:\/\/gothicmx.com\/index.php\/wp-json\/wp\/v2\/product"}],"about":[{"href":"https:\/\/gothicmx.com\/index.php\/wp-json\/wp\/v2\/types\/product"}],"replies":[{"embeddable":true,"href":"https:\/\/gothicmx.com\/index.php\/wp-json\/wp\/v2\/comments?post=801"}],"wp:featuredmedia":[{"embeddable":true,"href":"https:\/\/gothicmx.com\/index.php\/wp-json\/wp\/v2\/media\/802"}],"wp:attachment":[{"href":"https:\/\/gothicmx.com\/index.php\/wp-json\/wp\/v2\/media?parent=801"}],"wp:term":[{"taxonomy":"product_cat","embeddable":true,"href":"https:\/\/gothicmx.com\/index.php\/wp-json\/wp\/v2\/product_cat?post=801"},{"taxonomy":"product_tag","embeddable":true,"href":"https:\/\/gothicmx.com\/index.php\/wp-json\/wp\/v2\/product_tag?post=801"}],"curies":[{"name":"wp","href":"https:\/\/api.w.org\/{rel}","templated":true}]}}