{"id":842,"date":"2021-12-25T06:37:29","date_gmt":"2021-12-25T12:37:29","guid":{"rendered":"http:\/\/gothicmx.com\/?post_type=product&#038;p=842"},"modified":"2026-03-12T06:06:44","modified_gmt":"2026-03-12T12:06:44","slug":"el-clan-somos-nuestro-peor-miedo","status":"publish","type":"product","link":"https:\/\/gothicmx.com\/index.php\/producto\/el-clan-somos-nuestro-peor-miedo\/","title":{"rendered":"El Clan &#8211; Somos nuestro peor miedo"},"content":{"rendered":"<p>Somos nuestro peor miedo, sexto \u00e1lbum de estudio de la entidad mutante llamada El Clan. En los ocho temas que conforman el disco, la constante es la experimentaci\u00f3n musical y s\u00f3nica, mientras que en sus letras se plasma una particular visi\u00f3n de lo que acontece actualmente: una \u00e9poca dist\u00f3pica y apocal\u00edptica con oscuros matices de ciencia-ficci\u00f3n.<\/p>\n<p><iframe loading=\"lazy\" title=\"El Clan - Dios Universo (Lyric video)\" width=\"980\" height=\"551\" src=\"https:\/\/www.youtube.com\/embed\/AzwhsUcMXR4?feature=oembed\" frameborder=\"0\" allow=\"accelerometer; autoplay; clipboard-write; encrypted-media; gyroscope; picture-in-picture; web-share\" allowfullscreen><\/iframe><\/p>\n<p>&nbsp;<\/p>\n","protected":false},"excerpt":{"rendered":"<p>1.\u00a0\u00a0\u00a0\u00a0\u00a0Dios universo<br \/>\n2.\u00a0\u00a0\u00a0\u00a0\u00a0Sepultura<br \/>\n3.\u00a0\u00a0\u00a0\u00a0\u00a0Cielos apocal\u00edpticos<br \/>\n4.\u00a0\u00a0\u00a0\u00a0\u00a0Bela Rockstar<br \/>\n5.\u00a0\u00a0\u00a0\u00a0\u00a0Egonauta<br \/>\n6.\u00a0\u00a0\u00a0\u00a0\u00a0Bienvenido al resto de tu vida<br \/>\n7.\u00a0\u00a0\u00a0\u00a0\u00a0El loco del cigarro<br \/>\n8.\u00a0\u00a0\u00a0\u00a0\u00a0Dist\u00f3pica<\/p>\n","protected":false},"featured_media":845,"comment_status":"open","ping_status":"closed","template":"","meta":{"_bbp_topic_count":0,"_bbp_reply_count":0,"_bbp_total_topic_count":0,"_bbp_total_reply_count":0,"_bbp_voice_count":0,"_bbp_anonymous_reply_count":0,"_bbp_topic_count_hidden":0,"_bbp_reply_count_hidden":0,"_bbp_forum_subforum_count":0,"_monsterinsights_skip_tracking":false,"_monsterinsights_sitenote_active":false,"_monsterinsights_sitenote_note":"","_monsterinsights_sitenote_category":0,"_joinchat":[]},"product_cat":[47,41,43],"product_tag":[],"aioseo_notices":[],"_links":{"self":[{"href":"https:\/\/gothicmx.com\/index.php\/wp-json\/wp\/v2\/product\/842"}],"collection":[{"href":"https:\/\/gothicmx.com\/index.php\/wp-json\/wp\/v2\/product"}],"about":[{"href":"https:\/\/gothicmx.com\/index.php\/wp-json\/wp\/v2\/types\/product"}],"replies":[{"embeddable":true,"href":"https:\/\/gothicmx.com\/index.php\/wp-json\/wp\/v2\/comments?post=842"}],"wp:featuredmedia":[{"embeddable":true,"href":"https:\/\/gothicmx.com\/index.php\/wp-json\/wp\/v2\/media\/845"}],"wp:attachment":[{"href":"https:\/\/gothicmx.com\/index.php\/wp-json\/wp\/v2\/media?parent=842"}],"wp:term":[{"taxonomy":"product_cat","embeddable":true,"href":"https:\/\/gothicmx.com\/index.php\/wp-json\/wp\/v2\/product_cat?post=842"},{"taxonomy":"product_tag","embeddable":true,"href":"https:\/\/gothicmx.com\/index.php\/wp-json\/wp\/v2\/product_tag?post=842"}],"curies":[{"name":"wp","href":"https:\/\/api.w.org\/{rel}","templated":true}]}}